{"id":1176,"date":"2022-09-15T20:53:29","date_gmt":"2022-09-15T18:53:29","guid":{"rendered":"http:\/\/zsp9.zory.pl\/?page_id=1176"},"modified":"2024-09-23T09:59:24","modified_gmt":"2024-09-23T07:59:24","slug":"kadry","status":"publish","type":"page","link":"https:\/\/zsp9.zory.pl\/?page_id=1176","title":{"rendered":"Kadry"},"content":{"rendered":"<p>[et_pb_section fb_built=&#8221;1&#8243; admin_label=&#8221;Our Mission&#8221; _builder_version=&#8221;4.16&#8243; use_background_color_gradient=&#8221;on&#8221; background_color_gradient_stops=&#8221;rgba(233,239,243,0) 0%|#e9eff3 100%&#8221; background_color_gradient_start=&#8221;rgba(233,239,243,0)&#8221; background_color_gradient_end=&#8221;#e9eff3&#8243; background_image=&#8221;http:\/\/zsp9.zory.pl\/wp-content\/uploads\/2021\/11\/shapes-bg-color.png&#8221; parallax=&#8221;on&#8221; custom_padding=&#8221;54px|0px|32px|0px|false|false&#8221; global_colors_info=&#8221;{}&#8221;][et_pb_row admin_label=&#8221;Mission Row&#8221; _builder_version=&#8221;4.16&#8243; locked=&#8221;off&#8221; global_colors_info=&#8221;{}&#8221;][et_pb_column type=&#8221;4_4&#8243; _builder_version=&#8221;4.16&#8243; custom_padding=&#8221;|||&#8221; global_colors_info=&#8221;{}&#8221; custom_padding__hover=&#8221;|||&#8221;][et_pb_blurb title=&#8221;kadra&#8221; use_icon=&#8221;on&#8221; font_icon=&#8221;&#xe012;||divi||400&#8243; icon_color=&#8221;#2b76df&#8221; image_icon_width=&#8221;32px&#8221; _builder_version=&#8221;4.16&#8243; header_font=&#8221;Cabin Sketch|700||on|||||&#8221; header_text_color=&#8221;#ff7355&#8243; header_font_size=&#8221;20px&#8221; header_letter_spacing=&#8221;5px&#8221; header_line_height=&#8221;1.5em&#8221; text_orientation=&#8221;center&#8221; custom_margin=&#8221;||0px|&#8221; icon_font_size=&#8221;32px&#8221; locked=&#8221;off&#8221; global_colors_info=&#8221;{}&#8221;][\/et_pb_blurb][et_pb_text _builder_version=&#8221;4.18.0&#8243; text_font=&#8221;Rubik|500|||||||&#8221; text_font_size=&#8221;16px&#8221; text_line_height=&#8221;2em&#8221; header_font=&#8221;||||||||&#8221; header_2_font=&#8221;Rubik|700|||||||&#8221; header_2_font_size=&#8221;40px&#8221; header_2_line_height=&#8221;1.4em&#8221; header_5_font=&#8221;Rubik|700||on|||||&#8221; header_5_text_color=&#8221;#2b76df&#8221; header_5_letter_spacing=&#8221;5px&#8221; header_5_line_height=&#8221;1.5em&#8221; text_orientation=&#8221;center&#8221; max_width=&#8221;700px&#8221; module_alignment=&#8221;center&#8221; custom_margin=&#8221;|||&#8221; custom_margin_tablet=&#8221;0px|||&#8221; custom_margin_last_edited=&#8221;off|desktop&#8221; hover_enabled=&#8221;0&#8243; text_line_height_last_edited=&#8221;off|desktop&#8221; header_2_font_size_tablet=&#8221;&#8221; header_2_font_size_phone=&#8221;30px&#8221; header_2_font_size_last_edited=&#8221;on|phone&#8221; global_colors_info=&#8221;{}&#8221; sticky_enabled=&#8221;0&#8243;]<\/p>\n<p>&nbsp;<\/p>\n<table border=\"1\" style=\"border-collapse: collapse; width: 100%; height: 360px;\">\n<tbody>\n<tr style=\"height: 24px;\">\n<td style=\"width: 50%; height: 24px;\"><strong>mgr Lucyna Kafka<\/strong><\/td>\n<td style=\"width: 50%; height: 24px;\"><strong>dyrektor<\/strong><\/td>\n<\/tr>\n<tr style=\"height: 24px;\">\n<td style=\"width: 50%; height: 24px;\">mgr Beata Kruczy\u0144ska<\/td>\n<td style=\"width: 50%; height: 24px;\">wicedyrektor, terapia pedagogiczna<\/td>\n<\/tr>\n<tr style=\"height: 24px;\">\n<td style=\"width: 50%; height: 24px;\">mgr Agnieszka Benisz<\/td>\n<td style=\"width: 50%; height: 24px;\">wicedyrektor<\/td>\n<\/tr>\n<tr style=\"height: 24px;\">\n<td style=\"width: 50%; height: 24px;\">mgr Sylwia Ku\u015bka<\/td>\n<td style=\"width: 50%; height: 24px;\">wychowawca gr. V Motylki<\/td>\n<\/tr>\n<tr style=\"height: 24px;\">\n<td style=\"width: 50%; height: 24px;\"><span>mgr Agata Wa\u0142ach<\/span><\/td>\n<td style=\"width: 50%; height: 24px;\">wychowawca gr. II S\u0142oneczka<\/td>\n<\/tr>\n<tr style=\"height: 24px;\">\n<td style=\"width: 50%; height: 24px;\"><span>mgr Joanna Wasyluk-Skiba<\/span><\/td>\n<td style=\"width: 50%; height: 24px;\">wychowawca gr. III Biedronki<\/td>\n<\/tr>\n<tr style=\"height: 24px;\">\n<td style=\"width: 50%; height: 24px;\">mgr Patrycja Smo\u0142ka<\/td>\n<td style=\"width: 50%; height: 24px;\">wychowawca gr. I Pszcz\u00f3\u0142ki<\/td>\n<\/tr>\n<tr style=\"height: 24px;\">\n<td style=\"width: 50%; height: 24px;\">mgr Marzena Rybska<\/td>\n<td style=\"width: 50%; height: 24px;\">nauczyciel gr. I Pszcz\u00f3\u0142ki<\/td>\n<\/tr>\n<tr style=\"height: 24px;\">\n<td style=\"width: 50%; height: 24px;\"><span>mgr Patrycja Miodo\u0144ska<\/span><\/td>\n<td style=\"width: 50%; height: 24px;\">wychowawca gr. IV Puchatki<\/td>\n<\/tr>\n<tr style=\"height: 24px;\">\n<td style=\"width: 50%; height: 24px;\">mgr Klaudia Kurpi\u0144ska<\/td>\n<td style=\"width: 50%; height: 24px;\">nauczyciel wychowania przedszkolnego<\/td>\n<\/tr>\n<tr style=\"height: 24px;\">\n<td style=\"width: 50%; height: 24px;\">mgr Lucyna \u015awi\u0105tek<\/td>\n<td style=\"width: 50%; height: 24px;\">j. angielski<\/td>\n<\/tr>\n<tr style=\"height: 24px;\">\n<td style=\"width: 50%; height: 24px;\">mgr Dorota Kowacka<\/td>\n<td style=\"width: 50%; height: 24px;\">religia<\/td>\n<\/tr>\n<tr style=\"height: 24px;\">\n<td style=\"width: 50%; height: 24px;\">mgr Weronika Bienioszek<\/td>\n<td style=\"width: 50%; height: 24px;\">logopedia<\/td>\n<\/tr>\n<tr style=\"height: 24px;\">\n<td style=\"width: 50%; height: 24px;\">mgr Klaudia Jaroszewska<\/td>\n<td style=\"width: 50%; height: 24px;\">psycholog<\/td>\n<\/tr>\n<tr style=\"height: 24px;\">\n<td style=\"width: 50%; height: 24px;\">mgr Agnieszka Ciemi\u0119ga<\/td>\n<td style=\"width: 50%; height: 24px;\">pedagog, pedagog specjalny<\/td>\n<\/tr>\n<\/tbody>\n<\/table>\n<p style=\"text-align: left;\">[\/et_pb_text][\/et_pb_column][\/et_pb_row][\/et_pb_section]<\/p>\n","protected":false},"excerpt":{"rendered":"<p>&nbsp; mgr Lucyna Kafka dyrektor mgr Beata Kruczy\u0144ska wicedyrektor, terapia pedagogiczna mgr Agnieszka Benisz wicedyrektor mgr Sylwia Ku\u015bka wychowawca gr. V Motylki mgr Agata Wa\u0142ach wychowawca gr. II S\u0142oneczka mgr Joanna Wasyluk-Skiba wychowawca gr. III Biedronki mgr Patrycja Smo\u0142ka wychowawca gr. I Pszcz\u00f3\u0142ki mgr Marzena Rybska nauczyciel gr. I Pszcz\u00f3\u0142ki mgr Patrycja Miodo\u0144ska wychowawca gr. [&hellip;]<\/p>\n","protected":false},"author":2,"featured_media":0,"parent":0,"menu_order":0,"comment_status":"closed","ping_status":"closed","template":"","meta":{"_et_pb_use_builder":"on","_et_pb_old_content":"","_et_gb_content_width":"","footnotes":""},"class_list":["post-1176","page","type-page","status-publish","hentry"],"_links":{"self":[{"href":"https:\/\/zsp9.zory.pl\/index.php?rest_route=\/wp\/v2\/pages\/1176","targetHints":{"allow":["GET"]}}],"collection":[{"href":"https:\/\/zsp9.zory.pl\/index.php?rest_route=\/wp\/v2\/pages"}],"about":[{"href":"https:\/\/zsp9.zory.pl\/index.php?rest_route=\/wp\/v2\/types\/page"}],"author":[{"embeddable":true,"href":"https:\/\/zsp9.zory.pl\/index.php?rest_route=\/wp\/v2\/users\/2"}],"replies":[{"embeddable":true,"href":"https:\/\/zsp9.zory.pl\/index.php?rest_route=%2Fwp%2Fv2%2Fcomments&post=1176"}],"version-history":[{"count":6,"href":"https:\/\/zsp9.zory.pl\/index.php?rest_route=\/wp\/v2\/pages\/1176\/revisions"}],"predecessor-version":[{"id":5273,"href":"https:\/\/zsp9.zory.pl\/index.php?rest_route=\/wp\/v2\/pages\/1176\/revisions\/5273"}],"wp:attachment":[{"href":"https:\/\/zsp9.zory.pl\/index.php?rest_route=%2Fwp%2Fv2%2Fmedia&parent=1176"}],"curies":[{"name":"wp","href":"https:\/\/api.w.org\/{rel}","templated":true}]}}