{"id":638,"date":"2021-08-11T20:12:10","date_gmt":"2021-08-11T18:12:10","guid":{"rendered":"http:\/\/185.242.132.144\/?page_id=638"},"modified":"2022-09-25T13:50:06","modified_gmt":"2022-09-25T11:50:06","slug":"rozklad-dnia","status":"publish","type":"page","link":"https:\/\/zsp9.zory.pl\/?page_id=638","title":{"rendered":"Rozk\u0142ad dnia"},"content":{"rendered":"<p>[et_pb_section fb_built=&#8221;1&#8243; admin_label=&#8221;Our Mission&#8221; _builder_version=&#8221;4.16&#8243; use_background_color_gradient=&#8221;on&#8221; background_color_gradient_stops=&#8221;rgba(233,239,243,0) 0%|#e9eff3 100%&#8221; background_color_gradient_start=&#8221;rgba(233,239,243,0)&#8221; background_color_gradient_end=&#8221;#e9eff3&#8243; background_image=&#8221;http:\/\/zsp9.zory.pl\/wp-content\/uploads\/2021\/11\/shapes-bg-color.png&#8221; parallax=&#8221;on&#8221; custom_padding=&#8221;13px|0px|32px|0px|false|false&#8221; global_colors_info=&#8221;{}&#8221;][et_pb_row admin_label=&#8221;Mission Row&#8221; _builder_version=&#8221;4.16&#8243; locked=&#8221;off&#8221; global_colors_info=&#8221;{}&#8221;][et_pb_column type=&#8221;4_4&#8243; _builder_version=&#8221;4.16&#8243; custom_padding=&#8221;|||&#8221; global_colors_info=&#8221;{}&#8221; custom_padding__hover=&#8221;|||&#8221;][et_pb_blurb title=&#8221;plan dnia&#8221; use_icon=&#8221;on&#8221; font_icon=&#8221;&#xf017;||fa||400&#8243; icon_color=&#8221;#2b76df&#8221; image_icon_width=&#8221;32px&#8221; _builder_version=&#8221;4.16&#8243; header_font=&#8221;Cabin Sketch|700||on|||||&#8221; header_text_color=&#8221;#ff7355&#8243; header_font_size=&#8221;20px&#8221; header_letter_spacing=&#8221;5px&#8221; header_line_height=&#8221;1.5em&#8221; text_orientation=&#8221;center&#8221; custom_margin=&#8221;||0px|&#8221; custom_padding=&#8221;||0px|||&#8221; icon_font_size=&#8221;32px&#8221; locked=&#8221;off&#8221; global_colors_info=&#8221;{}&#8221;][\/et_pb_blurb][et_pb_text _builder_version=&#8221;4.18.0&#8243; text_font=&#8221;|500|||||||&#8221; text_font_size=&#8221;16px&#8221; text_line_height=&#8221;2em&#8221; header_font=&#8221;||||||||&#8221; header_2_font=&#8221;Rubik|700|||||||&#8221; header_2_font_size=&#8221;40px&#8221; header_2_line_height=&#8221;1.4em&#8221; header_5_font=&#8221;Rubik|700||on|||||&#8221; header_5_text_color=&#8221;#2b76df&#8221; header_5_letter_spacing=&#8221;5px&#8221; header_5_line_height=&#8221;1.5em&#8221; text_orientation=&#8221;center&#8221; max_width=&#8221;700px&#8221; module_alignment=&#8221;center&#8221; custom_margin=&#8221;|||&#8221; custom_margin_tablet=&#8221;0px|||&#8221; custom_margin_last_edited=&#8221;off|desktop&#8221; hover_enabled=&#8221;0&#8243; text_line_height_last_edited=&#8221;off|desktop&#8221; header_2_font_size_tablet=&#8221;&#8221; header_2_font_size_phone=&#8221;30px&#8221; header_2_font_size_last_edited=&#8221;on|phone&#8221; global_colors_info=&#8221;{}&#8221; sticky_enabled=&#8221;0&#8243;]<\/p>\n<p style=\"text-align: justify;\"><span><strong>6.30 : 7.30<\/strong> \u2013 Schodzenie si\u0119 dzieci w wyznaczonej sali przedszkola. Zabawy w ma\u0142ych zespo\u0142ach.<\/span><\/p>\n<p style=\"text-align: justify;\"><span><strong>7.30 : 8.00<\/strong> \u2013 Rozchodzenie si\u0119 dzieci do sal grupowych . Zabawy dowolne zgodne z zainteresowaniami dzieci, zabawy dydaktyczne, praca indywidualna.<\/span><\/p>\n<p style=\"text-align: justify;\"><span><strong>8.00 : 8.30<\/strong> \u2013 Poranne \u0107wiczenia gimnastyczne. Zabiegi higieniczne, czynno\u015bci samoobs\u0142ugowe, przygotowanie do \u015bniadania<\/span><\/p>\n<p style=\"text-align: justify;\"><span><strong>8.30 : 9.00<\/strong> \u2013 \u015aniadanie. Zabiegi higieniczne po \u015bniadaniu.<\/span><\/p>\n<p style=\"text-align: justify;\"><span><strong>9.00 : 10.00<\/strong> \u2013 Zaj\u0119cia dydaktyczne realizowane pod kierunkiem nauczyciela.<\/span><\/p>\n<p style=\"text-align: justify;\"><span><strong>10.00: 11.30<\/strong> \u2013 Pobyt na \u015bwie\u017cym powietrzu, gry i zabawy ruchowe. Zabawy swobodne w k\u0105cikach zainteresowa\u0144.<\/span><\/p>\n<p style=\"text-align: justify;\"><span><strong>11.30 :12.30<\/strong> \u2013 Zabiegi higieniczne, przygotowanie do obiadu. Obiad. Zabiegi higieniczne po obiedzie.<\/span><\/p>\n<p style=\"text-align: justify;\"><span><strong>12.30 : 13.00<\/strong> \u2013 Relaksacja, czytanie bajek i opowiada\u0144, rozmowy swobodne dzieci z nauczycielem.<\/span><\/p>\n<p style=\"text-align: justify;\"><span><strong>13.00 :13.30<\/strong> &#8211; Sytuacje edukacyjne organizowane przez nauczyciela, zaj\u0119cia dodatkowe i specjalistyczne np. j\u0119zyk angielski, religia, logopedia.<\/span><\/p>\n<p style=\"text-align: justify;\"><span><strong>13.00: 13.30<\/strong> \u2013 Pobyt na \u015bwie\u017cym powietrzu, zabawy w ogrodzie, spacery.<\/span><\/p>\n<p style=\"text-align: justify;\"><span><strong>14.00 : 14.30<\/strong> \u2013 Zabiegi higieniczne. Podwieczorek.<\/span><\/p>\n<p style=\"text-align: justify;\"><span><strong>14.30 : 15.30<\/strong> \u2013 Zabawy w sali przy niewielkim udziale nauczyciela; zabawy tematyczne, konstrukcyjne.<\/span><\/p>\n<p style=\"text-align: justify;\"><span><strong>15.30 : 16.30<\/strong> \u2013 Rozchodzenie si\u0119 dzieci \u2013 swobodna aktywno\u015b\u0107 dziecka.<\/span><\/p>\n<p>[\/et_pb_text][\/et_pb_column][\/et_pb_row][\/et_pb_section]<\/p>\n","protected":false},"excerpt":{"rendered":"<p>6.30 : 7.30 \u2013 Schodzenie si\u0119 dzieci w wyznaczonej sali przedszkola. Zabawy w ma\u0142ych zespo\u0142ach. 7.30 : 8.00 \u2013 Rozchodzenie si\u0119 dzieci do sal grupowych . Zabawy dowolne zgodne z zainteresowaniami dzieci, zabawy dydaktyczne, praca indywidualna. 8.00 : 8.30 \u2013 Poranne \u0107wiczenia gimnastyczne. Zabiegi higieniczne, czynno\u015bci samoobs\u0142ugowe, przygotowanie do \u015bniadania 8.30 : 9.00 \u2013 \u015aniadanie. [&hellip;]<\/p>\n","protected":false},"author":2,"featured_media":0,"parent":0,"menu_order":0,"comment_status":"closed","ping_status":"closed","template":"","meta":{"_et_pb_use_builder":"on","_et_pb_old_content":"<p align=\"left\"><strong>6.00 \u2013 8.00<\/strong>\u00a0 Zabawy wg pomys\u0142\u00f3w dzieci. Praca o charakterze obserwacyjnym, stymuluj\u0105co- kompensuj\u0105cym i wychowawczym, zabawy wg inwencji dzieci, w k\u0105cikach tematycznych przy niewielkim udziale nauczyciela.<\/p>\n<strong>8.00 \u2013 8.30<\/strong>\u00a0 Zabawy ruchowe lub \u0107wiczenia poranne.Czynno\u015bci samoobs\u0142ugowe, przygotowanie do \u015bniadania.\n\n<strong>8.30 \u2013 9.00<\/strong>\u00a0 \u015aniadanie, doskonalenie umiej\u0119tno\u015bci samodzielnego i estetycznego spo\u017cywania posi\u0142ku.\n<p align=\"left\"><strong>9.00 \u2013 9.15<\/strong>\u00a0Czynno\u015bci higieniczne, mycie z\u0119b\u00f3w.<\/p>\n<p align=\"left\"><strong>9.15 \u2013 9.30<\/strong>\u00a0Zintegrowana dzia\u0142alno\u015b\u0107 edukacyjna w oparciu o podstaw\u0119 programow\u0105 i przyj\u0119ty program wychowania przedszkolnego, rozwijanie aktywno\u015bci dziecka w r\u00f3\u017cnych sferach (dzieci m\u0142odsze).<\/p>\n<strong>9.30 \u2013 10.00<\/strong>\u00a0 Zintegrowana dzia\u0142alno\u015b\u0107 edukacyjna w oparciu o podstaw\u0119 programow\u0105 i przyj\u0119ty program wychowania przedszkolnego, rozwijanie aktywno\u015bci dziecka w r\u00f3\u017cnych sferach(dzieci starsze).\n\n<strong>10.00 \u2013 11.30<\/strong>\u00a0 Zabawy integracyjne, konstrukcyjne i plastyczno-techniczne, gry planszowe. Pobyt na \u015bwie\u017cym powietrzu przeznaczony na spacery, zaj\u0119cia ruchowe, obserwacje przyrodnicze, prace gospodarcze i porz\u0105dkowe.\n\n<strong>11.30 \u2013 12.00<\/strong>\u00a0Obiad , czynno\u015bci samoobs\u0142ugowe, opieku\u0144cze.\n\n<strong>12.00 \u2013 13.45<\/strong>\u00a0Grupy m\u0142odsze \u2013 odpoczynek poobiedni muzykoterapia, bajko terapia, czas dobrowolnie zagospodarowany przez nauczyciela (czytanie bajek, opowie\u015bci ruchowe, czynno\u015bci opieku\u0144cze).\nGrupy starsze \u2013 relaksacja, czas dobrowolnie zagospodarowany przez nauczyciela \u0107wiczenia utrwalaj\u0105ce wiadomo\u015bci; zabawy integracyjne, konstrukcyjne i plastyczno-techniczne, gry planszowe.\n\n<strong>13.45 \u2013 14.15<\/strong>\u00a0Podwieczorek, czynno\u015bci samoobs\u0142ugowe i porz\u0105dkowe; pomoc w nakrywaniu do posi\u0142ku.\n\n<strong>14.15 \u2013 16.30<\/strong>\u00a0Zaj\u0119cia dodatkowe, kontynuacja dzia\u0142alno\u015bci edukacyjnej praca wyr\u00f3wnawcza, praca z dzieckiem zdolnym zaj\u0119cia dodatkowe , zabawy integracyjne, ruchowe, plastyczno-techniczne , tematyczne, pobyt a \u015bwie\u017cym powietrzu , zaj\u0119cia dodatkowe ,prace porz\u0105dkowe, om\u00f3wienie wydarze\u0144 dnia, zabawy dowolne wg zainteresowa\u0144 dzieci.\n<h2>Podstawa Programowa<\/h2>\nCzas pobytu dziecka w przedszkolu jest r\u00f3\u017cny: od trzech do pi\u0119ciu godzin w tzw. innych formach wychowania przedszkolnego, pi\u0119\u0107 godzin w oddzia\u0142ach przedszkolnych przy szkole podstawowej, w przedszkolu publicznym najcz\u0119\u015bciej do dziesi\u0119ciu godzin. Minimum czasu realizacji podstawy programowej zosta\u0142o okre\u015blone w Rozporz\u0105dzeniu Ministra Edukacji Narodowej z 21 maja 2001 r. w sprawie ramowych statut\u00f3w publicznego przedszkola oraz publicznych szk\u00f3\u0142, a ,nast\u0119pnie czas ten zosta\u0142 zapisany w statucie ka\u017cdego przedszkola. Statu przedszkola okre\u015bla: dzienny czas pracy przedszkola ustalony przez organ prowadz\u0105cy na wniosek dyrektora przedszkola, w tym czas przeznaczony na realizacj\u0119 podstawy programowej wychowania przedszkolnego, nie kr\u00f3tszy ni\u017c pi\u0119\u0107 godzin dziennie.\n<p align=\"center\">Realizacja podstawy programowej w naszym przedszkolu odbywa si\u0119 od godz. 8.00 \u2013 13.00<\/p>","_et_gb_content_width":"","footnotes":""},"class_list":["post-638","page","type-page","status-publish","hentry"],"_links":{"self":[{"href":"https:\/\/zsp9.zory.pl\/index.php?rest_route=\/wp\/v2\/pages\/638","targetHints":{"allow":["GET"]}}],"collection":[{"href":"https:\/\/zsp9.zory.pl\/index.php?rest_route=\/wp\/v2\/pages"}],"about":[{"href":"https:\/\/zsp9.zory.pl\/index.php?rest_route=\/wp\/v2\/types\/page"}],"author":[{"embeddable":true,"href":"https:\/\/zsp9.zory.pl\/index.php?rest_route=\/wp\/v2\/users\/2"}],"replies":[{"embeddable":true,"href":"https:\/\/zsp9.zory.pl\/index.php?rest_route=%2Fwp%2Fv2%2Fcomments&post=638"}],"version-history":[{"count":4,"href":"https:\/\/zsp9.zory.pl\/index.php?rest_route=\/wp\/v2\/pages\/638\/revisions"}],"predecessor-version":[{"id":1264,"href":"https:\/\/zsp9.zory.pl\/index.php?rest_route=\/wp\/v2\/pages\/638\/revisions\/1264"}],"wp:attachment":[{"href":"https:\/\/zsp9.zory.pl\/index.php?rest_route=%2Fwp%2Fv2%2Fmedia&parent=638"}],"curies":[{"name":"wp","href":"https:\/\/api.w.org\/{rel}","templated":true}]}}